{"id":26,"date":"2022-11-24T13:05:22","date_gmt":"2022-11-24T13:05:22","guid":{"rendered":"https:\/\/commonroutes.eu\/?page_id=26"},"modified":"2023-08-01T16:01:50","modified_gmt":"2023-08-01T16:01:50","slug":"participants","status":"publish","type":"page","link":"https:\/\/commonroutes.eu\/?page_id=26","title":{"rendered":"Project Partners"},"content":{"rendered":"\n<div class=\"wp-block-media-text alignwide is-stacked-on-mobile has-background\" style=\"background-color:#eba72b;grid-template-columns:26% auto\"><figure class=\"wp-block-media-text__media\"><a href=\"https:\/\/www.accords-croises.com\/fr\"><img loading=\"lazy\" decoding=\"async\" width=\"1024\" height=\"544\" src=\"https:\/\/commonroutes.eu\/wp-content\/uploads\/2022\/11\/LOGO_ACCORDS_CROISES-1024x544.png\" alt=\"\" class=\"wp-image-78 size-full\" srcset=\"https:\/\/commonroutes.eu\/wp-content\/uploads\/2022\/11\/LOGO_ACCORDS_CROISES-1024x544.png 1024w, https:\/\/commonroutes.eu\/wp-content\/uploads\/2022\/11\/LOGO_ACCORDS_CROISES-300x159.png 300w, https:\/\/commonroutes.eu\/wp-content\/uploads\/2022\/11\/LOGO_ACCORDS_CROISES-768x408.png 768w, https:\/\/commonroutes.eu\/wp-content\/uploads\/2022\/11\/LOGO_ACCORDS_CROISES-690x367.png 690w, https:\/\/commonroutes.eu\/wp-content\/uploads\/2022\/11\/LOGO_ACCORDS_CROISES.png 1101w\" sizes=\"auto, (max-width: 1024px) 100vw, 1024px\" \/><\/a><\/figure><div class=\"wp-block-media-text__content\">\n<ul class=\"wp-block-list\">\n<li> Accords Crois\u00e9s : Production company and record label based in Paris (France), active since 1997. For more than 20 years, Accords Crois\u00e9s has produced and organised tours of the artists in its catalogue in many European countries and internationally. The experience of cross-cultural creations (Qawwali-Flamenco, Barbara-Fairouz, Arat Kilo w\/ Mamani Ke\u00efta &amp; Mike Ladd, etc.) that it has been developing for many years with the integration of exiled artists and the media and public fallout are an asset and a guarantee of professionalism for the implementation of the project. Accords Crois\u00e9s also has expertise in the implementation of a European project financed by the European European Commission. Indeed, Accords Crois\u00e9s was one of the partners of the MELOS project in the framework of the &#8220;Culture Programme 2007-2013 \/ Programme of cooperation with and in a third country&#8221; (2010-12). (https:\/\/www.accords-croises.com\/fr\/catalogue\/melos \/\/ <a href=\"https:\/\/youtu.be\/NTZwB4N2c6E\">https:\/\/youtu.be\/NTZwB4N2c6E<\/a><\/li>\n<\/ul>\n<\/div><\/div>\n\n\n\n<div class=\"wp-block-media-text alignwide has-media-on-the-right is-stacked-on-mobile is-vertically-aligned-center is-style-default has-theme-white-color has-text-color has-background\" style=\"background-color:#2f6ca2;grid-template-columns:auto 21%\"><div class=\"wp-block-media-text__content\">\n<ul class=\"wp-block-list\">\n<li>The 360 Paris Music Factory: A third cultural venue bringing together all the links in the chain : creation (residence) and diffusion (concert hall), which opened its doors in the Goutte d&#8217;Or in Paris (France) &#8211; a working-class district classified as a &#8220;Politique de la Ville&#8221; &#8211; in January 2020 at the initiative of Sa\u00efd Assadi, a professional who has been active in music production for some thirty years.<\/li>\n<\/ul>\n<\/div><figure class=\"wp-block-media-text__media\"><a href=\"https:\/\/le360paris.com\/\"><img loading=\"lazy\" decoding=\"async\" width=\"279\" height=\"300\" src=\"https:\/\/commonroutes.eu\/wp-content\/uploads\/2022\/11\/360-Logo-279x300.png\" alt=\"\" class=\"wp-image-95 size-medium\" srcset=\"https:\/\/commonroutes.eu\/wp-content\/uploads\/2022\/11\/360-Logo-279x300.png 279w, https:\/\/commonroutes.eu\/wp-content\/uploads\/2022\/11\/360-Logo-951x1024.png 951w, https:\/\/commonroutes.eu\/wp-content\/uploads\/2022\/11\/360-Logo-768x827.png 768w, https:\/\/commonroutes.eu\/wp-content\/uploads\/2022\/11\/360-Logo-1427x1536.png 1427w, https:\/\/commonroutes.eu\/wp-content\/uploads\/2022\/11\/360-Logo-690x743.png 690w, https:\/\/commonroutes.eu\/wp-content\/uploads\/2022\/11\/360-Logo.png 1486w\" sizes=\"auto, (max-width: 279px) 100vw, 279px\" \/><\/a><\/figure><\/div>\n\n\n\n<div class=\"wp-block-media-text alignwide is-stacked-on-mobile has-background\" style=\"background-color:#5e6b6996;grid-template-columns:32% auto\"><figure class=\"wp-block-media-text__media\"><a href=\"https:\/\/muziekpublique.be\/\"><img loading=\"lazy\" decoding=\"async\" width=\"230\" height=\"96\" src=\"https:\/\/commonroutes.eu\/wp-content\/uploads\/2023\/08\/muziekjo.png\" alt=\"\" class=\"wp-image-316 size-full\"\/><\/a><\/figure><div class=\"wp-block-media-text__content\">\n<ul class=\"wp-block-list\">\n<li>Muziekpublique: Brussels cultural venue based in the Th\u00e9\u00e2tre Moli\u00e8re, in the district Matong\u00e9 (a meeting place for the African community in Ixelles) has been developing multiple activities for almost 20 years: production, broadcasting (concert hall and festival), music and dance. distribution (concert hall and festival), recording, training and courses for artists and the public (Muziekpublique Academy), Muziekpublique has a great experience with refugee artists (Refugees for Refugees Project). Muziekpublique is currently involved as a partner in the European project REFA, funded under the Music Moves Europe scheme.<\/li>\n<\/ul>\n<\/div><\/div>\n\n\n\n<div class=\"wp-block-media-text alignwide has-media-on-the-right is-stacked-on-mobile has-theme-white-color has-text-color has-background\" style=\"background-color:#000208db;grid-template-columns:auto 40%\"><div class=\"wp-block-media-text__content\">\n<ul class=\"wp-block-list\">\n<li>CK Zamek: Multidisciplinary cultural centre (cinema, exhibitions, concerts, dance, creative residencies) located in Poznan (Poland). CK Zamek is very active in the field of music and has been organising the Ethnoport festival for 14 years. Several partners of the consortium have collaborated closely with CK Zamek in the programming of the festival (Accords Crois\u00e9s, Muziekpublique). In addition, CK Zamek has a relevant network in the countries of Central and Eastern Europe. CK Zamek has also been involved as a partner in European choreographic creation project, financed within the framework of the Culture 2000.<\/li>\n<\/ul>\n<\/div><figure class=\"wp-block-media-text__media\"><a href=\"https:\/\/ckzamek.pl\/\"><img loading=\"lazy\" decoding=\"async\" width=\"865\" height=\"437\" src=\"https:\/\/commonroutes.eu\/wp-content\/uploads\/2022\/11\/ENG_LOGO_POZIOM_OBRYS.jpg\" alt=\"\" class=\"wp-image-81 size-full\" srcset=\"https:\/\/commonroutes.eu\/wp-content\/uploads\/2022\/11\/ENG_LOGO_POZIOM_OBRYS.jpg 865w, https:\/\/commonroutes.eu\/wp-content\/uploads\/2022\/11\/ENG_LOGO_POZIOM_OBRYS-300x152.jpg 300w, https:\/\/commonroutes.eu\/wp-content\/uploads\/2022\/11\/ENG_LOGO_POZIOM_OBRYS-768x388.jpg 768w, https:\/\/commonroutes.eu\/wp-content\/uploads\/2022\/11\/ENG_LOGO_POZIOM_OBRYS-690x349.jpg 690w\" sizes=\"auto, (max-width: 865px) 100vw, 865px\" \/><\/a><\/figure><\/div>\n\n\n\n<div class=\"wp-block-media-text alignwide is-stacked-on-mobile has-theme-white-color has-text-color has-background\" style=\"background-color:#48030f;grid-template-columns:37% auto\"><figure class=\"wp-block-media-text__media\"><a href=\"http:\/\/www.associazione-darshan.it\/\"><img loading=\"lazy\" decoding=\"async\" width=\"245\" height=\"140\" src=\"https:\/\/commonroutes.eu\/wp-content\/uploads\/2022\/11\/Darshan_marchio-logotipo_vector_A601-1.png\" alt=\"\" class=\"wp-image-83 size-full\"\/><\/a><\/figure><div class=\"wp-block-media-text__content\">\n<ul class=\"wp-block-list\">\n<li>Associazione Culturale Darshan: based in Catania, Sicily (Italy), specialised since 1998 in the promotion of traditional cultures, in training courses and in the training of artists, relay of the Ethno network in Sicily and organizer of the Alkantara Fest for 17 years. The Associazione will be able to bring its added value to identify the needs of the artists and adapt our programme of support for artists, as well as the communication around the events.&nbsp;<\/li>\n<\/ul>\n<\/div><\/div>\n\n\n\n<div class=\"wp-block-media-text alignwide has-media-on-the-right is-stacked-on-mobile has-background\" style=\"background-color:#d37a1e;grid-template-columns:auto 42%\"><div class=\"wp-block-media-text__content\">\n<ul class=\"wp-block-list\">\n<li>Founding structure of a residence and recording place, the Babel Camp in Balatonboglar, Hungary, and organizes the annual Babel Sound Festival. Media Event oversees the operation of the Babel Camp artist residency in Balatonbogl\u00e1r, in Hungary, providing accommodation and catering for up to 150 people, serving artist residencies such as the Babel Sound Festival, jazz festivals, music camps, studio recording studios, regular concerts and other cultural events.<\/li>\n<\/ul>\n<\/div><figure class=\"wp-block-media-text__media\"><a href=\"https:\/\/babelarts.eu\/budapest\/\"><img loading=\"lazy\" decoding=\"async\" width=\"1024\" height=\"329\" src=\"https:\/\/commonroutes.eu\/wp-content\/uploads\/2023\/08\/ME_logojo-1024x329.png\" alt=\"\" class=\"wp-image-318 size-full\" srcset=\"https:\/\/commonroutes.eu\/wp-content\/uploads\/2023\/08\/ME_logojo-1024x329.png 1024w, https:\/\/commonroutes.eu\/wp-content\/uploads\/2023\/08\/ME_logojo-300x96.png 300w, https:\/\/commonroutes.eu\/wp-content\/uploads\/2023\/08\/ME_logojo-768x246.png 768w, https:\/\/commonroutes.eu\/wp-content\/uploads\/2023\/08\/ME_logojo-1536x493.png 1536w, https:\/\/commonroutes.eu\/wp-content\/uploads\/2023\/08\/ME_logojo-2048x657.png 2048w, https:\/\/commonroutes.eu\/wp-content\/uploads\/2023\/08\/ME_logojo-690x221.png 690w\" sizes=\"auto, (max-width: 1024px) 100vw, 1024px\" \/><\/a><\/figure><\/div>\n\n\n\n<div class=\"wp-block-media-text alignwide is-stacked-on-mobile has-background\" style=\"background-color:#b29a89;grid-template-columns:40% auto\"><figure class=\"wp-block-media-text__media\"><a href=\"http:\/\/babelarts.eu\/barcelona\"><img loading=\"lazy\" decoding=\"async\" width=\"801\" height=\"246\" src=\"https:\/\/commonroutes.eu\/wp-content\/uploads\/2022\/11\/BAM_logo-2line800px.png\" alt=\"\" class=\"wp-image-90 size-full\" srcset=\"https:\/\/commonroutes.eu\/wp-content\/uploads\/2022\/11\/BAM_logo-2line800px.png 801w, https:\/\/commonroutes.eu\/wp-content\/uploads\/2022\/11\/BAM_logo-2line800px-300x92.png 300w, https:\/\/commonroutes.eu\/wp-content\/uploads\/2022\/11\/BAM_logo-2line800px-768x236.png 768w, https:\/\/commonroutes.eu\/wp-content\/uploads\/2022\/11\/BAM_logo-2line800px-690x212.png 690w\" sizes=\"auto, (max-width: 801px) 100vw, 801px\" \/><\/a><\/figure><div class=\"wp-block-media-text__content\">\n<ul class=\"wp-block-list\">\n<li>Babel Arts Management &#8211; arts agency based in Barcelona, created to connect different cultures and create new values, with a privileged link to the Babel Camp in Hungary. The objective of Babel Arts Management is to strengthen a transnational cultural network system and to create the opportunity for artists with skills to meet and learn from each other, to share their knowledge and ideas with those seeking openness, creativity and professional training, and finally, to give the possibility and the tools for new and innovative co-productions to emerge.<\/li>\n<\/ul>\n<\/div><\/div>\n","protected":false},"excerpt":{"rendered":"","protected":false},"author":1,"featured_media":0,"parent":0,"menu_order":0,"comment_status":"closed","ping_status":"closed","template":"","meta":{"footnotes":""},"class_list":["post-26","page","type-page","status-publish","hentry"],"_links":{"self":[{"href":"https:\/\/commonroutes.eu\/index.php?rest_route=\/wp\/v2\/pages\/26","targetHints":{"allow":["GET"]}}],"collection":[{"href":"https:\/\/commonroutes.eu\/index.php?rest_route=\/wp\/v2\/pages"}],"about":[{"href":"https:\/\/commonroutes.eu\/index.php?rest_route=\/wp\/v2\/types\/page"}],"author":[{"embeddable":true,"href":"https:\/\/commonroutes.eu\/index.php?rest_route=\/wp\/v2\/users\/1"}],"replies":[{"embeddable":true,"href":"https:\/\/commonroutes.eu\/index.php?rest_route=%2Fwp%2Fv2%2Fcomments&post=26"}],"version-history":[{"count":18,"href":"https:\/\/commonroutes.eu\/index.php?rest_route=\/wp\/v2\/pages\/26\/revisions"}],"predecessor-version":[{"id":323,"href":"https:\/\/commonroutes.eu\/index.php?rest_route=\/wp\/v2\/pages\/26\/revisions\/323"}],"wp:attachment":[{"href":"https:\/\/commonroutes.eu\/index.php?rest_route=%2Fwp%2Fv2%2Fmedia&parent=26"}],"curies":[{"name":"wp","href":"https:\/\/api.w.org\/{rel}","templated":true}]}}